{"id":222,"date":"2019-10-29T00:39:33","date_gmt":"2019-10-28T23:39:33","guid":{"rendered":"https:\/\/ernaehrenswert.de\/lp\/?page_id=222"},"modified":"2024-03-20T09:50:33","modified_gmt":"2024-03-20T08:50:33","slug":"darmbewusst-schalen","status":"publish","type":"page","link":"https:\/\/ernaehrenswert.de\/lp\/darmbewusst-schalen\/","title":{"rendered":"Darmbewusst-Schalen"},"content":{"rendered":"<h1 style=\"text-align: center;\">Die Neue<span style=\"font-size: 63px;\"> <\/span>EssKultur<\/h1>\n<p style=\"text-align: center;\">Aus einer Kooperation aus Kunsthandwerk und Darmbewusstsein entsteht die Neue EssKultur f\u00fcr mehr Achtsamkeit, Genuss und Freude. Eine gute Verdauung beginnt in Freude und endet mit Gesundheit und Wohlbefinden&#8230;<\/p>\n<p><span style=\"width: 100%;\"><img loading=\"lazy\" decoding=\"async\" alt=\"\" width=\"900\" height=\"599\" title=\"Claudia To\u0308pferzwei (25) (1)\" data-id=\"290\" src=\"https:\/\/ernaehrenswert.de\/lp\/wp-content\/uploads\/2019\/10\/Claudia-To\u0308pferzwei-25-1.jpg\" style=\"\"><\/span><span style=\"width: 100%;\"><img loading=\"lazy\" decoding=\"async\" alt=\"\" width=\"900\" height=\"600\" title=\"Erika_West_web-9029\" data-id=\"232\" src=\"https:\/\/ernaehrenswert.de\/lp\/wp-content\/uploads\/2019\/10\/Erika_West_web-9029.jpg\" style=\"\"><\/span><\/p>\n<p>Claude Leeb<\/p>\n<\/p>\n<p>Poetry &amp; Pottery<\/p>\n<p>Erika West<\/p>\n<p>Ern\u00e4hrung &amp; Darmgesundheit<\/p>\n<p style=\"text-align: center;\">Bringe die Neue EssKultur in Dein Leben. Du kannst zwischen 4 verschiedenen Texten ausw\u00e4hlen. Jede Schale ist einzigartig und anders. Zu jeder Schale erh\u00e4lst Du ein &#8222;Rezept f\u00fcr Bewusstes Essen&#8220;, das Dich mit dem Gebrauch der Schale vertraut macht. Je \u00f6fter Du Dir die Zeit nimmst, achtsam und mit vollem Genuss zu essen, desto bewusster wird Dir der Unterschied zwischen dem \u00fcblichen Essverhalten und der neuen EssKultur&#8230;<\/p>\n<p><span style=\"width: 100%;\"><img decoding=\"async\" alt=\"\" width=\"667\" height=\"596\" title=\"DSC05154\" data-id=\"538\" src=\"https:\/\/ernaehrenswert.de\/lp\/wp-content\/uploads\/2021\/05\/DSC05154-scaled.jpg\" style=\"aspect-ratio: auto 2560 \/ 2285;\" data-width=\"667\" data-height=\"596\" data-init-width=\"2560\" data-init-height=\"2285\" loading=\"lazy\" mt-d=\"0\" ml-d=\"0\"><\/span><\/p>\n<p style=\"text-align: center;\">Die vielen Handgriffe bis zum fertigen Werkst\u00fcck.<\/p>\n<p style=\"text-align: center;\"><strong>Text 1<\/strong><\/p>\n<p style=\"text-align: center;\">Ich esse achtsam und mit heiterem Herzen. Mein Darm verdaut alles, was K\u00f6rper und Geist n\u00e4hrt. Dankbarkeit verbindet mich mit der Natur, die mir Nahrung schenkt.<\/p>\n<p style=\"text-align: center;\">-Erika West-<\/p>\n<p><span style=\"width: 100%;\"><img loading=\"lazy\" decoding=\"async\" alt=\"\" width=\"1245\" height=\"1245\" title=\"Bildschirmfoto 2019-10-28 um 22.29.03\" data-id=\"248\" src=\"https:\/\/ernaehrenswert.de\/lp\/wp-content\/uploads\/2019\/10\/Bildschirmfoto-2019-10-28-um-22.29.03.png\" style=\"\"><\/span><\/p>\n<p style=\"text-align: center;\">\n<p style=\"text-align: center;\"><strong>Text 2<\/strong><\/p>\n<p style=\"text-align: center;\">Erde, die uns dies gebracht, Sonne, die es reif gemacht. Liebe Sonne, liebe Erde, euer nie vergessen werde!<\/p>\n<p style=\"text-align: center;\">-Christian Morgenstern-<\/p>\n<p><span style=\"width: 100%;\"><img loading=\"lazy\" decoding=\"async\" alt=\"\" width=\"1245\" height=\"1245\" title=\"Bildschirmfoto 2019-10-28 um 22.28.48\" data-id=\"247\" src=\"https:\/\/ernaehrenswert.de\/lp\/wp-content\/uploads\/2019\/10\/Bildschirmfoto-2019-10-28-um-22.28.48.png\" style=\"\"><\/span><\/p>\n<p style=\"text-align: center;\"><strong>Text 3<\/strong><\/p>\n<p style=\"text-align: center;\">Rezept f\u00fcr eine gute Verdauung, maximalen Genuss und Gesundheit. Zutaten: Zeit, Achtsamkeit, liebevolle Gedanken, Wertsch\u00e4tzung und Dankbarkeit.<\/p>\n<p style=\"text-align: center;\">-Erika West-<\/p>\n<p><span style=\"width: 100%;\"><img loading=\"lazy\" decoding=\"async\" alt=\"\" width=\"1245\" height=\"1250\" title=\"Bildschirmfoto 2019-10-28 um 22.29.20\" data-id=\"249\" src=\"https:\/\/ernaehrenswert.de\/lp\/wp-content\/uploads\/2019\/10\/Bildschirmfoto-2019-10-28-um-22.29.20.png\" style=\"\"><\/span><\/p>\n<p style=\"text-align: center;\"><strong>Text 4<\/strong><\/p>\n<p style=\"text-align: center;\">Das Brot vom Korn, das Korn vom Licht, das Licht aus Gottes Angesicht. Die Frucht der Erde aus Gottes Schein, lass Licht auch werden im Herzen mein.<\/p>\n<p style=\"text-align: center;\">-Martin Tittmann-<\/p>\n<p><span style=\"width: 100%;\"><img loading=\"lazy\" decoding=\"async\" alt=\"\" width=\"1245\" height=\"1245\" title=\"Bildschirmfoto 2019-10-28 um 22.28.23\" data-id=\"246\" src=\"https:\/\/ernaehrenswert.de\/lp\/wp-content\/uploads\/2019\/10\/Bildschirmfoto-2019-10-28-um-22.28.23.png\" style=\"\"><\/span><\/p>\n<p style=\"text-align: center;\">Schenke Dir selbst oder einem geliebten Menschen eine Schale Neue EssKultur! F\u00fcr eine bewusste und achtsame Ern\u00e4hrung, eine gute Verdauung und mehr Wohlbefinden und Gesundheit&#8230;<\/p>\n<p><span style=\"width: 100%;\"><img decoding=\"async\" alt=\"\" width=\"390\" height=\"254\" title=\"DSC05159\" data-id=\"539\" src=\"https:\/\/ernaehrenswert.de\/lp\/wp-content\/uploads\/2021\/05\/DSC05159-scaled.jpg\" style=\"aspect-ratio: auto 2560 \/ 1670;\" data-width=\"390\" data-height=\"254\" data-init-width=\"2560\" data-init-height=\"1670\" loading=\"lazy\"><\/span><span style=\"width: 100%;\"><img loading=\"lazy\" decoding=\"async\" alt=\"\" width=\"341\" height=\"256\" title=\"IMG_8674\" data-id=\"262\" src=\"https:\/\/ernaehrenswert.de\/lp\/wp-content\/uploads\/2019\/10\/IMG_8674.jpeg\" style=\"aspect-ratio: auto 4032 \/ 3024;\" data-width=\"341\" data-height=\"256\" data-init-width=\"4032\" data-init-height=\"3024\"><\/span><\/p>\n<p style=\"text-align: center;\">Eine Schale Neue EssKultur<\/p>\n<p style=\"text-align: center;\">55 \u20ac<\/p>\n<p style=\"text-align: center;\">zzgl. Versand<\/p>\n<p style=\"text-align: center;\">Im 2er Set Neue EssKultur<\/p>\n<p style=\"text-align: center;\">95 \u20ac<\/p>\n<p style=\"text-align: center;\">zzgl. Versand<\/p>\n<p>Schreibe uns eine E-mail an erika@ernaehrenswert.de, wenn du Dir selbst oder Deinen Liebsten die Neue EssKultur g\u00f6nnen m\u00f6chtest. Bitte nicht vergessen Deine Lieferanschrift anzugeben! \ud83d\ude09<\/p>\n","protected":false},"excerpt":{"rendered":"<p>Die Neue EssKultur Aus einer Kooperation aus Kunsthandwerk und Darmbewusstsein entsteht die Neue EssKultur f\u00fcr mehr Achtsamkeit, Genuss und Freude. Eine gute Verdauung beginnt in Freude und endet mit Gesundheit und Wohlbefinden&#8230; Claude Leeb Poetry &amp; Pottery Erika West Ern\u00e4hrung &amp; Darmgesundheit Bringe die Neue EssKultur in Dein Leben. Du kannst zwischen 4 verschiedenen Texten &hellip; <\/p>\n<p class=\"link-more\"><a href=\"https:\/\/ernaehrenswert.de\/lp\/darmbewusst-schalen\/\" class=\"more-link\"><span class=\"screen-reader-text\">\u201eDarmbewusst-Schalen\u201c<\/span> weiterlesen<\/a><\/p>\n","protected":false},"author":1,"featured_media":0,"parent":0,"menu_order":0,"comment_status":"closed","ping_status":"closed","template":"","meta":{"footnotes":""},"class_list":["post-222","page","type-page","status-publish","hentry","entry"],"_links":{"self":[{"href":"https:\/\/ernaehrenswert.de\/lp\/wp-json\/wp\/v2\/pages\/222","targetHints":{"allow":["GET"]}}],"collection":[{"href":"https:\/\/ernaehrenswert.de\/lp\/wp-json\/wp\/v2\/pages"}],"about":[{"href":"https:\/\/ernaehrenswert.de\/lp\/wp-json\/wp\/v2\/types\/page"}],"author":[{"embeddable":true,"href":"https:\/\/ernaehrenswert.de\/lp\/wp-json\/wp\/v2\/users\/1"}],"replies":[{"embeddable":true,"href":"https:\/\/ernaehrenswert.de\/lp\/wp-json\/wp\/v2\/comments?post=222"}],"version-history":[{"count":74,"href":"https:\/\/ernaehrenswert.de\/lp\/wp-json\/wp\/v2\/pages\/222\/revisions"}],"predecessor-version":[{"id":622,"href":"https:\/\/ernaehrenswert.de\/lp\/wp-json\/wp\/v2\/pages\/222\/revisions\/622"}],"wp:attachment":[{"href":"https:\/\/ernaehrenswert.de\/lp\/wp-json\/wp\/v2\/media?parent=222"}],"curies":[{"name":"wp","href":"https:\/\/api.w.org\/{rel}","templated":true}]}}